{"id":197,"date":"2014-05-15T07:15:46","date_gmt":"2014-05-15T07:15:46","guid":{"rendered":"http:\/\/www.ddicpdnz.hr\/?page_id=197"},"modified":"2014-05-15T07:23:40","modified_gmt":"2014-05-15T07:23:40","slug":"izvjestaj-za-2013","status":"publish","type":"page","link":"http:\/\/www.ddicpdnz.hr\/?page_id=197","title":{"rendered":"Izvje\u0161taj za 2013"},"content":{"rendered":"<p style=\"text-align: justify;\">Zavr\u0161ila je jo\u0161 jedna godina, koja je bila prepuna na\u0161eg te\u0161kog rada i neizvjesnosti u radu mnogih udruga \u0161irom zemlje.Gradnjom i ure\u0111enjem Sveu\u010dili\u0161ta u nekada\u0161njoj staroj bolnici, nismo mogli ure\u0111ivati i odr\u017eavati na\u0161e prostorije, jer nismo znali da li \u0107emo ostati na staroj adresi.U tih par godina, propao nam je krov jer i Udruge koje borave iznad nas nisu odr\u017eavale i brinule se o krovu i prostoru, tako da nam se po\u010dela ki\u0161a slijevati niz zidove.<\/p>\n<p style=\"text-align: justify;\">Kada smo dobili informaciju da ostajemo u ovom prostoru, hitno smo morali ne\u0161to uraditi jer tu, u tim uvjetima vi\u0161e nismo mogli raditi. Pro\u0161lo ljeto obratili smo se \u017eupaniji za pomo\u0107 da popravimo krov, kako bismo mogli urediti unutra\u0161njost. Me\u0111utim, to se malo dulje oteglo sa \u017dupanijom,pa smo sami krenuli u akciju. Preko Dubrova\u010dkog vjesnika pokrenuli smo akciju za prikupljanje sredstava kako bismo mogli urediti prostor u kojem boravimo.<\/p>\n<p style=\"text-align: justify;\">Zgrada u kojoj smo smje\u0161teni je u vlasni\u0161tvu \u017eupanije, pa bi bilo logi\u010dno da barem sredstva za ure\u0111enje vanjskog dijela zgrade financira \u017eupanija. Me\u0111utim, oni nemaju novaca pa smo se morali zadu\u017eiti da bi sanirali vanjsku \u0161tetu, kako bismo mogli urediti svoj unutra\u0161nji dio. Prema na\u0161em prora\u010dunu, trebalo nam je 65.000,00 kn, ali nismo uspjeli sakupiti taj iznos. \u017dupanija je uplatila 10,000,00 kn a vanjski radovi, koji su samo pokrpali o\u0161te\u0107enja i omogu\u0107ili da trenuta\u010dno ki\u0161a ne ulazi u prostorije, ko\u0161tali su 17,800,00 kn.<\/p>\n<p style=\"text-align: justify;\">Morali smo se sna\u0107i za jo\u0161 7.800,00 kn.<\/p>\n<p style=\"text-align: justify;\">Sredstva za unutarnji prostor smo osigurali jednim djelom od Nacionalne Zaklade kroz projekt, u iznosu od 10.000,00 kn.<\/p>\n<p style=\"text-align: justify;\">Ostatak smo dobili od donatora, gospodina Vinka Kolobari\u0107a koji \u017eivi i radi u Njema\u010dkoj,\u00a0a pro\u010ditao je reporta\u017eu u Dubrova\u010dkom, te nam je osigurao 26,000,00 kn, koliko nam je trebalo za ure\u0111enje prostora.<\/p>\n<p style=\"text-align: justify;\">Zadovoljni radom i sretni da smo makar dio odradili kako treba, nakon dugo vremena organizirali smo susret za zavr\u0161etak ove 2013 godine u na\u0161em prostoru.<\/p>\n<p style=\"text-align: justify;\">Susret je odr\u017ean 20.12.2013 godine od 16-18 sati s uprili\u010denim domjenkom. Na\u0161em susretu su prisustvovale i predstavnice Grada i \u017dupanije : Dr.Matija \u010cale Mratovi\u0107, Mirjana Beg i Nina Skuri\u0107. Sve su ih pozdravili i po\u017eeljele sretne blagdane.<\/p>\n<p style=\"text-align: justify;\">Razi\u0161li smo se iza 18 sati.<\/p>\n<p style=\"text-align: justify;\">Sada o\u010dekujemo da bi nam u Novoj 2014 godini trebalo biti malo bolje. Vidjet \u0107emo.<\/p>\n","protected":false},"excerpt":{"rendered":"<p>Zavr\u0161ila je jo\u0161 jedna godina, koja je bila prepuna na\u0161eg te\u0161kog rada i neizvjesnosti u radu mnogih udruga \u0161irom zemlje.Gradnjom i ure\u0111enjem Sveu\u010dili\u0161ta u nekada\u0161njoj staroj bolnici, nismo mogli ure\u0111ivati i odr\u017eavati na\u0161e prostorije, jer nismo znali da li \u0107emo ostati na staroj adresi.U tih par godina, propao nam je krov jer i Udruge koje [&hellip;]<\/p>\n","protected":false},"author":1,"featured_media":0,"parent":160,"menu_order":0,"comment_status":"closed","ping_status":"open","template":"page-templates\/front-page.php","meta":[],"_links":{"self":[{"href":"http:\/\/www.ddicpdnz.hr\/index.php?rest_route=\/wp\/v2\/pages\/197"}],"collection":[{"href":"http:\/\/www.ddicpdnz.hr\/index.php?rest_route=\/wp\/v2\/pages"}],"about":[{"href":"http:\/\/www.ddicpdnz.hr\/index.php?rest_route=\/wp\/v2\/types\/page"}],"author":[{"embeddable":true,"href":"http:\/\/www.ddicpdnz.hr\/index.php?rest_route=\/wp\/v2\/users\/1"}],"replies":[{"embeddable":true,"href":"http:\/\/www.ddicpdnz.hr\/index.php?rest_route=%2Fwp%2Fv2%2Fcomments&post=197"}],"version-history":[{"count":1,"href":"http:\/\/www.ddicpdnz.hr\/index.php?rest_route=\/wp\/v2\/pages\/197\/revisions"}],"predecessor-version":[{"id":198,"href":"http:\/\/www.ddicpdnz.hr\/index.php?rest_route=\/wp\/v2\/pages\/197\/revisions\/198"}],"up":[{"embeddable":true,"href":"http:\/\/www.ddicpdnz.hr\/index.php?rest_route=\/wp\/v2\/pages\/160"}],"wp:attachment":[{"href":"http:\/\/www.ddicpdnz.hr\/index.php?rest_route=%2Fwp%2Fv2%2Fmedia&parent=197"}],"curies":[{"name":"wp","href":"https:\/\/api.w.org\/{rel}","templated":true}]}}