{"id":220,"date":"2016-01-18T09:00:12","date_gmt":"2016-01-18T09:00:12","guid":{"rendered":"http:\/\/www.ddicpdnz.hr\/?page_id=220"},"modified":"2016-01-18T09:06:00","modified_gmt":"2016-01-18T09:06:00","slug":"nagrada-za-zivotno-djelo","status":"publish","type":"page","link":"http:\/\/www.ddicpdnz.hr\/?page_id=220","title":{"rendered":"Nagrada za \u017eivotno djelo"},"content":{"rendered":"<p><a href=\"http:\/\/www.ddicpdnz.hr\/wp-content\/uploads\/2013\/09\/Nagrada-za-zivotno-djelo-Antoniji-Roszahegy-Nikolic.pdf\" target=\"_blank\">Nagrada za \u017eivotno djelo dodjeljuje se gospo\u0111i ANTONIJI ROSZAHEGY NIKOLI\u0106<\/a><\/p>\n<p style=\"text-align: justify;\"><a href=\"http:\/\/www.ddicpdnz.hr\/wp-content\/uploads\/2013\/09\/Antonija-Nikolic.jpg\"><img loading=\"lazy\" class=\"alignleft size-medium wp-image-207\" src=\"http:\/\/www.ddicpdnz.hr\/wp-content\/uploads\/2013\/09\/Antonija-Nikolic-209x300.jpg\" alt=\"Antonija Nikolic\" width=\"209\" height=\"300\" srcset=\"http:\/\/www.ddicpdnz.hr\/wp-content\/uploads\/2013\/09\/Antonija-Nikolic-209x300.jpg 209w, http:\/\/www.ddicpdnz.hr\/wp-content\/uploads\/2013\/09\/Antonija-Nikolic.jpg 302w\" sizes=\"(max-width: 209px) 100vw, 209px\" \/><\/a>Antonije Roszahegy Nikoli\u0107 ro\u0111ena je 21.03.1939. godine u Zagrebu. Nakon zavr\u0161etka Defektolo\u0161kog Fakulteta radila je 41 godinu u Dubrova\u010dkoj bolnici na Odjelu fizikalne medicine s djecom s pote\u0161ko\u0107ama u razvoju.<\/p>\n<p style=\"text-align: justify;\">Za svoj humanitarni rad je 1997. godine primila Nagradu Grada Dubrovnika. U udruzi osoba s tjelesnim invaliditetom je aktivna kao volonter od 1985. godine prvo kao stru\u010dni suradnik, a trenutno kao predsjednica.<\/p>\n<p style=\"text-align: justify;\">U dosada\u0161njim godinama rada djelovala je u pravcu za\u0161tite prava osoba s invaliditetom, zdravlja tih osoba te ja\u010danju njihovih kreativnih potencijala, promi\u010du\u0107i uzajamno po\u0161tovanje, razumijevanje, prijateljstvo, suradnju i osnovna ljudska prava. Posebno je aktivna u ru\u0161enju arhitektonskih barijera i ure\u0111enja pristupa\u010dnosti za invalide.<\/p>\n<p style=\"text-align: justify;\">Dru\u0161tvo distrofi\u010dara je jedina udruga na podru\u010dju Dubrova\u010dko &#8211; neretvanske \u017eupanije koja kontinuirano, sukladno raspolo\u017eivim financijskim sredstvima, provodi konkretne akcije usmjerene na ovu ranjivu kategoriju, sve pod vodstvom gospode Antonije Roszahegy Nikoli\u0107.<\/p>\n<p style=\"text-align: justify;\">Gospoda Nikoli\u0107 je predsjednica Dru\u0161tva koje broji 450 \u010dlanova, od kojih je 120 srednje \u017eivotne dobi, a 210 tre\u0107e \u017eivotne dobi od 65 godina.<\/p>\n<p style=\"text-align: justify;\">Osobit naglasak u radu daje ostvarenju odnosa me\u0111usobnog uva\u017eavanja i po\u0161tovanja, nesebi\u010dnosti i pomaganja. Kontinuirano radi na otkrivanju i identificiranju osoba s posebnim potrebama, prikuplja informacije o njihovom stanju i problemima te im daje upute kako najlak\u0161e rije\u0161iti probleme. Aktivno je kreirala mnogobrojne projekte u koje su uklju\u010deni korisnici Dru\u0161tva. Rade\u0107i s osobama s invaliditetom isklju\u010divo vodi ra\u010duna o njihovim potrebama, daju\u0107i prednost njihovoj individualnosti i kreativnosti, \u0161to ih motivira i poti\u010de na opstanak. Uvijek ima sluha za brige i probleme i svim korisnicima nastoji ubla\u017eiti i olak\u0161ali svakodnevicu.<\/p>\n<p style=\"text-align: justify;\">Sna\u017ean poticaj i potporu pru\u017ea humanitarnim aktivnostima organiziranim u lokalnoj zajednici, ali i suradnji s lokalnom zajednicom.<\/p>\n<p style=\"text-align: justify;\">Nadasve predano rade\u0107i ponajprije kao predsjednica Dru\u0161tva distrofi\u010dara, invalida cerebralne i dje\u010dje paralize i ostalih invalida Dubrova\u010dko &#8211; neretvanske \u017eupanije, ali i kao aktivna \u010dlanica zajednice daje najbolje od sebe zbog \u010dega je mnogobrojni stanovnici Dubrovnika i okolice iznimno cijene i po\u0161tuju.<\/p>\n<p style=\"text-align: justify;\">Gospoda Nikoli\u0107 je simbol otpora, postojanja i kreativnosti te je ostavila duboki trag svoga djelovanja u svom dugogodi\u0161njem humanitarnom radu i senzibilizaciji dru\u0161tva za osobe s invaliditetom, na ponos Grada i \u017dupanije. <a href=\"http:\/\/www.ddicpdnz.hr\/wp-content\/uploads\/2013\/09\/Nagrada-za-zivotno-djelo-Antoniji-Roszahegy-Nikolic.pdf\" target=\"_blank\">Vi\u0161e informacija<\/a><\/p>\n","protected":false},"excerpt":{"rendered":"<p>Nagrada za \u017eivotno djelo dodjeljuje se gospo\u0111i ANTONIJI ROSZAHEGY NIKOLI\u0106 Antonije Roszahegy Nikoli\u0107 ro\u0111ena je 21.03.1939. godine u Zagrebu. Nakon zavr\u0161etka Defektolo\u0161kog Fakulteta radila je 41 godinu u Dubrova\u010dkoj bolnici na Odjelu fizikalne medicine s djecom s pote\u0161ko\u0107ama u razvoju. Za svoj humanitarni rad je 1997. godine primila Nagradu Grada Dubrovnika. U udruzi osoba s [&hellip;]<\/p>\n","protected":false},"author":1,"featured_media":0,"parent":160,"menu_order":0,"comment_status":"closed","ping_status":"closed","template":"","meta":[],"_links":{"self":[{"href":"http:\/\/www.ddicpdnz.hr\/index.php?rest_route=\/wp\/v2\/pages\/220"}],"collection":[{"href":"http:\/\/www.ddicpdnz.hr\/index.php?rest_route=\/wp\/v2\/pages"}],"about":[{"href":"http:\/\/www.ddicpdnz.hr\/index.php?rest_route=\/wp\/v2\/types\/page"}],"author":[{"embeddable":true,"href":"http:\/\/www.ddicpdnz.hr\/index.php?rest_route=\/wp\/v2\/users\/1"}],"replies":[{"embeddable":true,"href":"http:\/\/www.ddicpdnz.hr\/index.php?rest_route=%2Fwp%2Fv2%2Fcomments&post=220"}],"version-history":[{"count":2,"href":"http:\/\/www.ddicpdnz.hr\/index.php?rest_route=\/wp\/v2\/pages\/220\/revisions"}],"predecessor-version":[{"id":223,"href":"http:\/\/www.ddicpdnz.hr\/index.php?rest_route=\/wp\/v2\/pages\/220\/revisions\/223"}],"up":[{"embeddable":true,"href":"http:\/\/www.ddicpdnz.hr\/index.php?rest_route=\/wp\/v2\/pages\/160"}],"wp:attachment":[{"href":"http:\/\/www.ddicpdnz.hr\/index.php?rest_route=%2Fwp%2Fv2%2Fmedia&parent=220"}],"curies":[{"name":"wp","href":"https:\/\/api.w.org\/{rel}","templated":true}]}}