{"id":5,"date":"2013-05-24T11:44:09","date_gmt":"2013-05-24T11:44:09","guid":{"rendered":"http:\/\/www.ddicpdnz.hr\/?page_id=5"},"modified":"2018-06-11T09:39:51","modified_gmt":"2018-06-11T09:39:51","slug":"o-nama","status":"publish","type":"page","link":"http:\/\/www.ddicpdnz.hr\/?page_id=5","title":{"rendered":"O nama"},"content":{"rendered":"<table border=\"0\" width=\"1000\" cellspacing=\"0\" cellpadding=\"0\">\n<tbody>\n<tr>\n<td style=\"text-align: justify;\"><a href=\"http:\/\/www.ddicpdnz.hr\/wp-content\/uploads\/2013\/05\/DDICP-03.jpg\"><img loading=\"lazy\" class=\"alignright wp-image-105\" src=\"http:\/\/www.ddicpdnz.hr\/wp-content\/uploads\/2013\/05\/DDICP-03-300x198.jpg\" alt=\"\" width=\"300\" height=\"198\" srcset=\"http:\/\/www.ddicpdnz.hr\/wp-content\/uploads\/2013\/05\/DDICP-03-300x198.jpg 300w, http:\/\/www.ddicpdnz.hr\/wp-content\/uploads\/2013\/05\/DDICP-03-1024x676.jpg 1024w, http:\/\/www.ddicpdnz.hr\/wp-content\/uploads\/2013\/05\/DDICP-03-624x412.jpg 624w, http:\/\/www.ddicpdnz.hr\/wp-content\/uploads\/2013\/05\/DDICP-03.jpg 1200w\" sizes=\"(max-width: 300px) 100vw, 300px\" \/><\/a>1983. godine jedna grupa osoba s invaliditetom je osjetila potrebu da se organizira jer su shvatili da se jedino na taj na\u010din mogu boriti za svoja prava i time pobolj\u0161ati svoj polo\u017eaj i \u017eivot. U to vrijeme su se skupljali i radili u prostorijama tada\u0161nje Mjesne zajednice. 1994. godine Dru\u0161tvo je dobilo prostorije od \u017eupanije na kori\u0161tenje i od tada po\u010dinju radit na svim poljima za pobolj\u0161anje \u017eivota osoba s invaliditetom (od djece do najstarijih). Dru\u0161tvo je multinacionalno jer svi koji \u017eive na podru\u010dju Dubrova\u010dko neretvanske \u017eupanije i dr\u017eavljani su RH mogu biti \u010dlanovi. Dru\u0161tvo vodi brigu o svojim \u010dlanovima na terenu, upoznajemo ih sa svim novostima iz medicine, prava te kako zdravije \u017eivjeti. Imamo \u010dlanove od Lastova do Prevlake, svih \u017eivotnih grupacija od<a href=\"http:\/\/www.ddicpdnz.hr\/wp-content\/uploads\/2013\/05\/DDICP-02.jpg\"><img loading=\"lazy\" class=\"alignright wp-image-104\" src=\"http:\/\/www.ddicpdnz.hr\/wp-content\/uploads\/2013\/05\/DDICP-02-300x199.jpg\" alt=\"\" width=\"300\" height=\"199\" srcset=\"http:\/\/www.ddicpdnz.hr\/wp-content\/uploads\/2013\/05\/DDICP-02-300x199.jpg 300w, http:\/\/www.ddicpdnz.hr\/wp-content\/uploads\/2013\/05\/DDICP-02-1024x680.jpg 1024w, http:\/\/www.ddicpdnz.hr\/wp-content\/uploads\/2013\/05\/DDICP-02-624x414.jpg 624w, http:\/\/www.ddicpdnz.hr\/wp-content\/uploads\/2013\/05\/DDICP-02.jpg 1200w\" sizes=\"(max-width: 300px) 100vw, 300px\" \/><\/a>djece do staraca. Najva\u017enije nam je je da na\u0161i \u010dlanovi ostanu u krugu obitelji \u0161to du\u017ee te ako je mogu\u0107e zauvijek.<\/p>\n<p><span style=\"line-height: 1.714285714; font-size: inherit; text-align: left;\">Cilj na\u0161eg rada je olak\u0161ati i obogatiti kvalitetu \u017eivota svakog na\u0161eg \u010dlana osobu s invaliditetom.<\/span><\/p>\n<p>Na\u0161e djelovanje je usmjereno i na rad na teru gdje otkrivamo osobe i djecu s invaliditetom koji su zatvoreni u ku\u0107ama te razgovorom utje\u010demo na \u010dlanove njihovih obitelji. Na terenu snimamo gdje ima arhitektonskih i gra\u0111evinskih barijera i skre\u0107emo pozornost te tra\u017eimo da se po\u0161tuje Pravilnik pristupa\u010dnosti.<\/p>\n<p><a style=\"line-height: 1.714285714; font-size: inherit; text-align: left;\" href=\"http:\/\/www.ddicpdnz.hr\/wp-content\/uploads\/2013\/05\/DDICP-04.jpg\"><img loading=\"lazy\" class=\"alignright wp-image-106\" src=\"http:\/\/www.ddicpdnz.hr\/wp-content\/uploads\/2013\/05\/DDICP-04-300x199.jpg\" alt=\"\" width=\"300\" height=\"199\" srcset=\"http:\/\/www.ddicpdnz.hr\/wp-content\/uploads\/2013\/05\/DDICP-04-300x199.jpg 300w, http:\/\/www.ddicpdnz.hr\/wp-content\/uploads\/2013\/05\/DDICP-04-1024x680.jpg 1024w, http:\/\/www.ddicpdnz.hr\/wp-content\/uploads\/2013\/05\/DDICP-04-624x414.jpg 624w, http:\/\/www.ddicpdnz.hr\/wp-content\/uploads\/2013\/05\/DDICP-04.jpg 1200w\" sizes=\"(max-width: 300px) 100vw, 300px\" \/><\/a><\/p>\n<p>Obilje\u017eavamo va\u017ene datume vezane za osobe s invaliditetom, kao \u0161to je Me\u0111unarodni dan osoba s invaliditetom, Europski tjedan mobilnosti, Nacionalni dan cerebralne i dje\u010dje paralize te Nacionalni dan distrofi\u010dara.<\/p>\n<p>Sudjelovanjem na razli\u010ditim izlo\u017ebama na\u0161ih slikarica, upoznajemo na\u0161u javnost s radovima na\u0161ih \u010dlanica. Dru\u0161tvo kroz svoje radionice izra\u0111uje eko papirnate vre\u0107ice, \u010dime osigurajemo jedan dio sredstava za na\u0161 rad, a ujedno budimo svijest kod na\u0161ih sugra\u0111anima da treba \u010duvati i za\u0161titi okoli\u0161 radi zdravijeg \u017eivljenja.<\/p>\n<p><a href=\"http:\/\/www.ddicpdnz.hr\/wp-content\/uploads\/2013\/05\/DDICP-01.jpg\"><img loading=\"lazy\" class=\"alignright wp-image-103\" src=\"http:\/\/www.ddicpdnz.hr\/wp-content\/uploads\/2013\/05\/DDICP-01-300x204.jpg\" alt=\"\" width=\"300\" height=\"204\" srcset=\"http:\/\/www.ddicpdnz.hr\/wp-content\/uploads\/2013\/05\/DDICP-01-300x204.jpg 300w, http:\/\/www.ddicpdnz.hr\/wp-content\/uploads\/2013\/05\/DDICP-01-1024x696.jpg 1024w, http:\/\/www.ddicpdnz.hr\/wp-content\/uploads\/2013\/05\/DDICP-01-624x424.jpg 624w, http:\/\/www.ddicpdnz.hr\/wp-content\/uploads\/2013\/05\/DDICP-01.jpg 1200w\" sizes=\"(max-width: 300px) 100vw, 300px\" \/><\/a>\u010clanovi smo Hrvatskih Saveza cerebralne i dje\u010dje paralize i Hrvatskog saveza tjelesnih invalida.<\/p>\n<p><span style=\"line-height: 1.714285714; font-size: inherit; text-align: left;\">Pokre\u0107emo akcije za na\u0161e \u010dlanove koji sami ne mogu rije\u0161iti svoje probleme kao \u0161to je nemogu\u0107nost prilaza stanu ili nabavka invalidskih kolica, tra\u017eimo donatore i rje\u0161avamo probleme. Pokrenuli smo i uspjeli tako da se na pla\u017ei u Dubrovniku i Moluntu ugradio lift za spu\u0161tanje u mora osoba s invaliditetom.<\/span><\/p>\n<p><span style=\"line-height: 1.714285714; font-size: inherit; text-align: left;\"><strong>Predsjedni\u0161tvo Dru\u0161tva :<\/strong> Predsjednica Antonija Roszahegy Nikoli\u0107, Dopresjednici: Jany Hansal i Anka Bija\u0107 , Tajnica Kate Ucovi\u0107, \u010dlanovi: \u0160ima Zdrauli\u0107, ,Nada Mustapi\u0107, Hansika \u0106osi\u0107,Nikola Papac,Miro Kraljeni\u0107,Marija Miloslavi\u0107, Ozana Star\u010di\u0107<\/span><\/p>\n<p><strong>Nadzorni odbor:<\/strong> Mladen Novak predsjednik, \u010dlanovi: Lina Grbi\u0107, Kate Vui\u0107.<\/p>\n<p><strong style=\"line-height: 1.714285714; font-size: inherit; text-align: left;\">Stegovni sud:<\/strong><span style=\"line-height: 1.714285714; font-size: inherit; text-align: left;\"> Mirsad D\u017eanovi\u0107 predsjednik, \u010dlanovi : Mario Duga\u010dki, Ana Mihajlovi\u0107.<\/span><\/p>\n<p><span style=\"line-height: 1.714285714; font-size: inherit; text-align: left;\"><strong>Mati\u010dni broj:<\/strong> 3399940 ; <strong>OIB:<\/strong> 87232934503 ; <strong>RNO:<\/strong> 52175 ; <strong>Registarski broj:<\/strong> 19000089 .<\/span><\/td>\n<td style=\"text-align: justify;\" width=\"10\"><\/td>\n<td width=\"190\">\n<p style=\"text-align: justify;\"><span style=\"color: #ffffff;\">_____________________________________<\/span><a href=\"http:\/\/www.ddicpdnz.hr\/wp-content\/uploads\/2013\/05\/Tabla-drustva.jpg\"><img loading=\"lazy\" class=\"wp-image-134 aligncenter\" src=\"http:\/\/www.ddicpdnz.hr\/wp-content\/uploads\/2013\/05\/Tabla-drustva-300x200.jpg\" alt=\"\" width=\"145\" height=\"97\" srcset=\"http:\/\/www.ddicpdnz.hr\/wp-content\/uploads\/2013\/05\/Tabla-drustva-300x200.jpg 300w, http:\/\/www.ddicpdnz.hr\/wp-content\/uploads\/2013\/05\/Tabla-drustva-1024x685.jpg 1024w, http:\/\/www.ddicpdnz.hr\/wp-content\/uploads\/2013\/05\/Tabla-drustva-624x417.jpg 624w, http:\/\/www.ddicpdnz.hr\/wp-content\/uploads\/2013\/05\/Tabla-drustva.jpg 1200w\" sizes=\"(max-width: 145px) 100vw, 145px\" \/><\/a>Dru\u0161tvo distrofi\u010dara invalida cerebralne i dje\u010dje paralize i ostalih tjelesnih invalida DN\u017d je korisnik institucionalne podr\u0161ke zahvaljuju\u0107i Razvojnoj suradnji Nacionalne zaklade za razvoj civilnog dru\u0161tva i Ministarstva socijalne politke i mladih u provo\u0111enju Pilot-programa sustavne podr\u0161ke udrugama osoba s invaliditetom<br \/>\n<a href=\"http:\/\/zaklada.civilnodrustvo.hr\/frontpage\" target=\"_blank\"><img loading=\"lazy\" class=\"aligncenter\" style=\"border: 0px;\" src=\"http:\/\/www.ddicpdnz.hr\/wp-content\/uploads\/2013\/05\/logo-nacionalna.gif\" alt=\"\" width=\"145\" height=\"129\" \/><\/a><\/p>\n<p style=\"text-align: center;\"><span style=\"color: #ffffff;\">..<\/span><br \/>\n<span style=\"color: #ffffff;\">..<\/span><br \/>\n<a href=\"http:\/\/www.ddicpdnz.hr\/wp-content\/uploads\/2013\/05\/slike001.jpg\"><img loading=\"lazy\" class=\"wp-image-132 aligncenter\" src=\"http:\/\/www.ddicpdnz.hr\/wp-content\/uploads\/2013\/05\/slike001-218x300.jpg\" alt=\"\" width=\"145\" height=\"200\" srcset=\"http:\/\/www.ddicpdnz.hr\/wp-content\/uploads\/2013\/05\/slike001-218x300.jpg 218w, http:\/\/www.ddicpdnz.hr\/wp-content\/uploads\/2013\/05\/slike001-624x857.jpg 624w, http:\/\/www.ddicpdnz.hr\/wp-content\/uploads\/2013\/05\/slike001.jpg 745w\" sizes=\"(max-width: 145px) 100vw, 145px\" \/><\/a><\/p>\n<p><a href=\"http:\/\/www.ddicpdnz.hr\/wp-content\/uploads\/2013\/05\/Izvjestaj-rada-DDICIDPIOTI-DNZ.pdf\">Izvje\u0161taj rada dru\u0161tva<\/a><\/p>\n<p><a style=\"line-height: 1.714285714; font-size: inherit;\" href=\"http:\/\/www.ddicpdnz.hr\/wp-content\/uploads\/2013\/05\/Plan-rada-za-2013-2014.pdf\">Plan rada za 2013 &#8211; 2014<\/a><\/p>\n<p><a href=\"http:\/\/www.ddicpdnz.hr\/wp-content\/uploads\/2013\/05\/Pregled-rada-dru\u0161tva-za-razdoblje-od-1994-2013-godine.pdf\">Pregled rada dru\u0161tva za razdoblje od 1994 &#8211; 2013 godine<\/a><\/td>\n<\/tr>\n<\/tbody>\n<\/table>\n","protected":false},"excerpt":{"rendered":"<p>1983. godine jedna grupa osoba s invaliditetom je osjetila potrebu da se organizira jer su shvatili da se jedino na taj na\u010din mogu boriti za svoja prava i time pobolj\u0161ati svoj polo\u017eaj i \u017eivot. U to vrijeme su se skupljali i radili u prostorijama tada\u0161nje Mjesne zajednice. 1994. godine Dru\u0161tvo je dobilo prostorije od \u017eupanije [&hellip;]<\/p>\n","protected":false},"author":1,"featured_media":0,"parent":0,"menu_order":2,"comment_status":"open","ping_status":"closed","template":"page-templates\/front-page.php","meta":[],"_links":{"self":[{"href":"http:\/\/www.ddicpdnz.hr\/index.php?rest_route=\/wp\/v2\/pages\/5"}],"collection":[{"href":"http:\/\/www.ddicpdnz.hr\/index.php?rest_route=\/wp\/v2\/pages"}],"about":[{"href":"http:\/\/www.ddicpdnz.hr\/index.php?rest_route=\/wp\/v2\/types\/page"}],"author":[{"embeddable":true,"href":"http:\/\/www.ddicpdnz.hr\/index.php?rest_route=\/wp\/v2\/users\/1"}],"replies":[{"embeddable":true,"href":"http:\/\/www.ddicpdnz.hr\/index.php?rest_route=%2Fwp%2Fv2%2Fcomments&post=5"}],"version-history":[{"count":56,"href":"http:\/\/www.ddicpdnz.hr\/index.php?rest_route=\/wp\/v2\/pages\/5\/revisions"}],"predecessor-version":[{"id":256,"href":"http:\/\/www.ddicpdnz.hr\/index.php?rest_route=\/wp\/v2\/pages\/5\/revisions\/256"}],"wp:attachment":[{"href":"http:\/\/www.ddicpdnz.hr\/index.php?rest_route=%2Fwp%2Fv2%2Fmedia&parent=5"}],"curies":[{"name":"wp","href":"https:\/\/api.w.org\/{rel}","templated":true}]}}