{"id":160,"date":"2013-09-20T08:08:45","date_gmt":"2013-09-20T08:08:45","guid":{"rendered":"http:\/\/www.ddicpdnz.hr\/?page_id=160"},"modified":"2017-11-22T13:14:01","modified_gmt":"2017-11-22T13:14:01","slug":"novosti","status":"publish","type":"page","link":"https:\/\/www.ddicpdnz.hr\/","title":{"rendered":"Novosti"},"content":{"rendered":"<table border=\"0\" width=\"1000\" cellspacing=\"0\" cellpadding=\"0\">\n<tbody>\n<tr>\n<td style=\"text-align: justify;\">\n<table border=\"0\">\n<tbody>\n<tr>\n<td>\n<h1><strong>Po\u0161tovani \u010dlanovi,<\/strong><\/h1>\n<p>Iako nemam obi\u010daj da pi\u0161em neke posebne izvje\u0161taje na na\u0161oj www stranici,ovaj puta \u010dinim iznimku jer se Dru\u0161tvo nalazi u te\u0161koj situaciji. Ove godine projekti nam nisu prolazili na nivou Nacionalnih natje\u010daja jer nismo dobili obavijest da se na po\u010detku godine treba poslati Ministarstvu popis volontera i satnica iako se to sve nalazi u obrascima natje\u010daja.<\/p>\n<p>Time smo dotjerani u kut i ja poku\u0161am sve nekako da izguram do kraja godine. Pi\u0161em zamolbe za donacije ali ide te\u0161ko. Bojim se ako ovako nastavi da \u0107emo morati zatvoriti vrata, time se povla\u010di problem i prekida rada osobnog asistenta, popust na telefom, TV i javni prevoz za one koji imaju te usluge.<\/p>\n<p>Jasno je da je izgleda svima u interesu da ugase pojedine udruge koje imaju ve\u0107i broj \u010dlanova.\u00a0Izgleda da opstaju udruge koje imaju politi\u010dku pozadinu (za\u0161titu) \u0161to mi nemamo. U na\u0161em Statutu jasno stoji da ne smijemo pripadati ni jednoj stranci \u0161to je i normalno jer smo multi nacionalna udruga \u0161to zna\u0107i da radimo za sve na\u0161e \u010dlanove ne obra\u0107aju\u0107i pa\u017enju na nacionalnost,vjeru ili rasu.<\/p>\n<p>\u017delila sam da vas imformiram da je Dru\u0161tvo u te\u0161koj situaciji pa i ako radimo ono \u0161to bi trebale raditi pojedine dr\u017eavne slu\u017ebe nemamo neku veliku potporu upravo od Ministarstva koji bi nas trebao financirati, ali ne oni izvla\u010de nekakva pravila Europske Unije i ho\u0107e da se mi tako pona\u0161amo.<\/p>\n<p>Istina EU daje sredstva ali nije mogu\u0107e da name\u0107e i svoje obrasce i pravila. Sredstva su dana za provedbu socijalnog programa i oni koji dobiju ta sredstva trebaju to opravdati pla\u0107enim ra\u010dunima s popratnom dokumentacijom. Dakle ima dokumentaciju za opravdanje.<\/p>\n<p>To njihovo pona\u0161enje tjera udruge da se obra\u0107aju agencijama da pi\u0161u projekte,a oni to napla\u0107uju bez obzira da li je projekt pro\u0161ao ili nije.<\/p>\n<p>Toliko o stvarima koje nas tjeraju da prestanemo s radom.<\/p>\n<p>\u017delila sam s vama podijeliti svoje brige iako \u017eelim to izbje\u0107i.<\/p>\n<p>Poslala sam zamolbe za pomo\u0107 mnogim firmama a i privatnicima da li \u0107emo se izvu\u0107i vidjet \u0107emo.<br \/>\nS po\u0161tovanjem.<\/p>\n<p>Predsjednica<br \/>\nAntonija Roszahegy Nikoli\u0107 prof .def.<\/p>\n<p><a href=\"http:\/\/www.ddicpdnz.hr\/wp-content\/uploads\/2013\/09\/Zahtjev-za-donacijom.pdf\" rel=\"\">Originalni dopis u prilogu<\/a><\/td>\n<\/tr>\n<tr>\n<td>\n<h1><strong>ZAVR\u0160ETAK\u00a0\u00a0 RADA\u00a0 ZA\u00a0 2015. GODINU.<\/strong><\/h1>\n<p>Po\u010detak i zavr\u0161etak 2015 godine bili su te\u0161ki. Nismo se mogli osloniti ni na jedan projekt koji bi nam osigurao normalan rad. Najve\u0107i je problem kad dobijete obavijest da vam projekt nije pro\u0161ao jer nije bio potpisan ili neke druga opravdanja, dakle nije da nije dobar projekt. Jednostavno \u0161tedili su na novcu. Nadamo se da nova Ministrica ili Ministar \u0107e imati malo vi\u0161e socijalne note od ove.<\/p>\n<p>Da nije bilo nekih\u00a0 drugih donatora morali bi prestati raditi, imovinu koju imamo rasprodati i podmiriti dugove koje smo morali napraviti da bi opstali. Prestankom rada,\u00a0 na\u0161i \u00a0bi \u010dlanovi izgubili sve povlastice kao ( pola pretplate Telefona, TV-e Osobnog Asistenta , nezaposleni i oni koji su prijavljeni na Zavod za zapo\u0161ljavanje ne bi imali besplatni pokaz ), a i mnoge druge pomo\u0107i koje dobivaju preko udruge. Za sada smo se izvukli ali dokad to ne znamo.<\/p>\n<p>Mnogi na\u0161i \u010dlanovi koji preko nas ostvaruju svoja prava, vidim aktivni su u pomo\u0107i\u00a0 za pojedine udruge ili ne\u0161to drugo, ali se ne sjete da pitaju treba li pomo\u0107i i udruzi u kojoj su \u010dlanovi.<\/p>\n<p>Veliku pomo\u0107 u skupljanju donacija\u00a0 u\u010dinila je Turisti\u010dka Zajednica\u00a0 Dubrovnika, \u017dene umirovljenice Grada, koje su 3 prosinca na Me\u0111unarodnom danu osoba s invaliditetom prodavali na\u0161e proizvode i time nam pomogle.<\/p>\n<p>Zanimljivi su oni koji se u\u010dlanjuju svi pitaju \u201eKoja su moja prava\u201cali zaboravljaju pitati koje su njihove obaveze.<\/p>\n<p>Kroz godinu morali smo urgirati na mnoge\u00a0 nepravde kojima se susre\u0107u na\u0161i \u010dlanovi. Povjerenstvo koje im odobrava\u00a0 odlazak u Kalos,\u00a0 uskra\u0107uje im zakonom odobren 21 dan. Ve\u0107inom ih odbije ili nakon na\u0161e \u017ealbe im odobri 14 dana. Po\u00a0 Zakonu, koje je objasnila Pravobraniteljica,\u00a0 svatko ima prvo 21 radi dan, \u0161to se ne po\u0161tuje. Znamo da Kalos nema terapije subotom i nedjeljom \u0161to zna\u0107i da je to 6 dana manje. Susre\u0107emo se i s drugim problemima\u00a0 u Centru za socijalnu skrb. Navedeni problemi su sljede\u0107i:<\/p>\n<p>1.\u00a0\u00a0\u00a0\u00a0\u00a0\u00a0 Nepristupa\u010dnost te\u0161ko pristupa\u010dno za osobe s invaliditetom, posebno majke s djecom koje te\u0161ko hodaju ili uop\u0107e ne hodaju.<\/p>\n<p>2.\u00a0\u00a0\u00a0\u00a0\u00a0\u00a0 Komisija koja provodi\u00a0 kategorizaciju dolazi iz Splita, \u0161to je\u00a0 ote\u017eano jer \u00a0svakog \u00a0puta dolazi netko drugi i odluka o pravima koje se tra\u017ee naj\u010de\u0161\u0107e propada jer\u00a0 se ne po\u0161tuje \u010dovjek.<\/p>\n<p>3.\u00a0\u00a0\u00a0\u00a0\u00a0\u00a0 Oduke se donose, a da se osoba s invaliditetom i ne vidi.<\/p>\n<p>Susre\u0107emo se i s drugim problemima koje ne mo\u017eemo sami rije\u0161iti, a oni koji bi trebali voditi ra\u010duna o tome zatvaraju o\u010di. Veliki dio na\u0161eg \u010dlanstva je srednje ili tre\u0107e \u017eivotne dobi i treba im pomo\u0107i. Mnogi se te\u0161ko kre\u0107u, mnogi \u017eive u zgradama koje nemaju lift, a nema im tko pomo\u0107i. Poku\u0161ali smo organizirati\u00a0 preko Zavoda za zapo\u0161ljavanje javne radove,\u00a0 neki\u00a0 vid pomo\u0107i, ali nismo mogli na\u0107i\u00a0 \u017eene koje bi se toga prihvatile. Dok na\u0161e kolege u unutra\u0161njosti nemaju problema s tim, mi imamo puno nezaposlenih koji nisu spremni da uz pla\u0107u rade poma\u017eu\u0107i starijim\u00a0 i te\u0161ko pokretnim. To je na\u0161a realnost. Svi \u00a0tra\u017ee posao ali ne\u0107e da rade.<\/p>\n<p>Mnogi su prestali pla\u0107ati \u010dlanarinu jer su navr\u0161ili 65 godina i dobili su pokaz kao penzioneri. Me\u0111utim,\u00a0 mnogi su zaboravili da preko \u010dlanstva ostvaruju\u00a0 popust na telefon, a neki i televiziju, \u0161to \u0107e sada izgubiti. To su ostvarivali samo kao \u010dlanovi Dru\u0161tva. Ovoga puta ne\u0107emo zatvoriti o\u010di onima koji su to napravili kad do\u0111u da obnove \u010dlanstvo da bi ostvarili te svoje povlastice.<\/p>\n<p>Ne mo\u017eemo\u00a0 to tolerirati .<\/p>\n<p>Dakle ovu godinu zavr\u0161avamo, a nadamo se da \u0107e \u00a0nadolaze\u0107a \u00a0godina biti bolja.<\/p>\n<p>Predsjednica<\/p>\n<p>Antonija Roszahegy Nikoli\u0107\u00a0 prof.def.<\/td>\n<\/tr>\n<tr>\n<td>\n<h1><strong>DRU\u0160TVO U AKCIJI<\/strong><\/h1>\n<p>Svakog dana se susre\u0107emo sa stvarnosti da sve te\u017ee odr\u017eavamo rad dru\u0161tva i svoje planove. Tako smo do sada do\u017eivjeli da se neke na\u0161e \u010dlanove smje\u0161ta u Centar Josipovac, \u010dime je naru\u0161eno na\u0161e pravilo da sve osobe s invaliditetom ostanu u svojim domovima u obitelji. Kako je Centar Josipovac namijenjen da primi obi\u010dno osobe s Mentalnom retardacijom, a sada prima osobe s drugim invaliditetom \u0161to nije dobro. Osobe s invaliditetom\u00a0 psihi\u010dki, potpuno uredu, te\u0161ko se nose s tom \u010dinjenicom, \u0161to lo\u0161e djeluje na njihovo psihi\u010dko zdravlje. S obzirom da su u zadnje vrijeme tamo smje\u0161tena dvojica na\u0161ih \u010dlanova, jer im se gubitkom jednog roditelja promijenila mogu\u0107nost da ostanu u obitelji, mi smo ih posjetili zajedno s svojim korisnicima na\u0161eg poludnevnog\u00a0 boravka. Sam Centar je uredu a odnosi su uredu, ali na\u0161im \u010dlanovima\u00a0 te\u0161ko pada odvajanje od svog doma i\u00a0 te\u0161ko se uklapaju u tu sredinu u nastojanje personala da im bude \u0161to ugodnije.<\/p>\n<p>Vremena su se promijenila pa sada djeca nad\u017eivljavaju svoje roditelje, ali time se nalaze u ne mogu\u0107oj situaciji jer oni koji ostaju nemaju vremena ni volje za brigu o svom invalidu.<\/p>\n<p>Mi u na\u0161em programu promicat \u0107emo\u00a0 da osobe s invaliditetom ostanu u svom domu. Pratit \u0107emo natje\u010daje koji bi nam to omogu\u0107ili.<\/td>\n<\/tr>\n<tr>\n<td>\n<h1>Akcija CRAND CIRCLE DUBROVNIK i\u00a0MULTICOLOUR d.o.o.<\/h1>\n<p>Unato\u010d \u0161to nemamo sigurnih financijskih sredstava za nastavak rada Dru\u0161tva poku\u0161avamo na\u0107i donatore koji bi svojim doprinosima pomogli da prevladamo krizu ali to ide te\u0161ko.<\/p>\n<p>Jedna dobra prihvatljiva odluka na ponudu \u010dlanova CRAND CIRCLE DUBROVNIK da nam urede prostorije i prostor oko zgrade prihvatili smo s zahvalno\u0161\u0107u. U subotu 08. 11. 2015 njih 35 do\u0161lo je radi, a njime se priklju\u010dio i djelatnik firme MULTICOLOUR d.o.o. koji je napravio izolaciju na rubovima donjeg dijela zgrade izvana da nam ne vla\u017ei.<\/p>\n<p>\u010clanovi gore navedenog\u00a0 CRAND CIRCLE DUBROVNIK o\u010distili su oluke, krov ,zacementiralo neke otvore kroz koje je vlaga ulazila i zid, uredilo okoli\u0161, postavili nove tapisone na pod u dnevnom boravku i na izlazu ,otira\u010d za noge i neke igrice za razonodu \u010dlanovima dru\u0161tva. Normalno treba napomenuti da su sav potreban materijal i alat kupili i donijeli. Njih 35\u00a0 radilo je od 09 \u2013 14 sati. Majstor na vanjskoj izolaciji radio je tako\u0111er cijelo vrijeme od 09- 14 sati dok je zavr\u0161io posao.<\/p>\n<p>Ovo smo iznijeli da se vidi da radimo cijelo vrijeme,a njihov rad smo i snimili.<\/p>\n<p><a href=\"http:\/\/www.ddicpdnz.hr\/wp-content\/uploads\/2013\/09\/CRAND-CIRCLE-DUBROVNIK-1.jpg\" rel=\"attachment wp-att-233\"><img loading=\"lazy\" class=\"alignleft size-medium wp-image-233\" src=\"http:\/\/www.ddicpdnz.hr\/wp-content\/uploads\/2013\/09\/CRAND-CIRCLE-DUBROVNIK-1-300x169.jpg\" alt=\"CRAND CIRCLE DUBROVNIK 1\" width=\"300\" height=\"169\" srcset=\"https:\/\/www.ddicpdnz.hr\/wp-content\/uploads\/2013\/09\/CRAND-CIRCLE-DUBROVNIK-1-300x169.jpg 300w, https:\/\/www.ddicpdnz.hr\/wp-content\/uploads\/2013\/09\/CRAND-CIRCLE-DUBROVNIK-1-768x432.jpg 768w, https:\/\/www.ddicpdnz.hr\/wp-content\/uploads\/2013\/09\/CRAND-CIRCLE-DUBROVNIK-1-1024x576.jpg 1024w, https:\/\/www.ddicpdnz.hr\/wp-content\/uploads\/2013\/09\/CRAND-CIRCLE-DUBROVNIK-1-624x351.jpg 624w, https:\/\/www.ddicpdnz.hr\/wp-content\/uploads\/2013\/09\/CRAND-CIRCLE-DUBROVNIK-1.jpg 1200w\" sizes=\"(max-width: 300px) 100vw, 300px\" \/><\/a> <a href=\"http:\/\/www.ddicpdnz.hr\/wp-content\/uploads\/2013\/09\/CRAND-CIRCLE-DUBROVNIK-2.jpg\" rel=\"attachment wp-att-234\"><img loading=\"lazy\" class=\"alignleft size-medium wp-image-234\" src=\"http:\/\/www.ddicpdnz.hr\/wp-content\/uploads\/2013\/09\/CRAND-CIRCLE-DUBROVNIK-2-300x169.jpg\" alt=\"CRAND CIRCLE DUBROVNIK 2\" width=\"300\" height=\"169\" srcset=\"https:\/\/www.ddicpdnz.hr\/wp-content\/uploads\/2013\/09\/CRAND-CIRCLE-DUBROVNIK-2-300x169.jpg 300w, https:\/\/www.ddicpdnz.hr\/wp-content\/uploads\/2013\/09\/CRAND-CIRCLE-DUBROVNIK-2-768x432.jpg 768w, https:\/\/www.ddicpdnz.hr\/wp-content\/uploads\/2013\/09\/CRAND-CIRCLE-DUBROVNIK-2-1024x576.jpg 1024w, https:\/\/www.ddicpdnz.hr\/wp-content\/uploads\/2013\/09\/CRAND-CIRCLE-DUBROVNIK-2-624x351.jpg 624w, https:\/\/www.ddicpdnz.hr\/wp-content\/uploads\/2013\/09\/CRAND-CIRCLE-DUBROVNIK-2.jpg 1200w\" sizes=\"(max-width: 300px) 100vw, 300px\" \/><\/a><\/td>\n<\/tr>\n<\/tbody>\n<\/table>\n<p><strong>Arhiva Novosti:<\/strong><\/p>\n<ul>\n<li><a href=\"http:\/\/www.ddicpdnz.hr\/wp-content\/uploads\/2013\/09\/Izvje\u0161taj-rada-udruge-2013-2014.pdf\" target=\"_blank\">Izvje\u0161taj rada dru\u0161tva 2013 -2014<\/a><\/li>\n<li><a href=\"http:\/\/www.ddicpdnz.hr\/?page_id=220\">Nagrada za \u017eivotno djelo dodjeljuje se gospo\u0111i ANTONIJI ROSZAHEGY NIKOLI\u0106<\/a><\/li>\n<li><a href=\"http:\/\/www.ddicpdnz.hr\/?page_id=197\"><span style=\"text-align: left;\">Izvje\u0161taj za 2013<\/span><\/a><\/li>\n<li><a href=\"http:\/\/www.ddicpdnz.hr\/?page_id=185\"><span style=\"text-align: left;\">Svjetski dan cerebralne paralize\u00a0<\/span><\/a><\/li>\n<\/ul>\n<p><strong style=\"line-height: 1.714285714; font-size: inherit; text-align: left;\"><strong style=\"font-size: inherit; line-height: 1.714285714;\">Mati\u010dni broj:<\/strong><span style=\"font-size: inherit; line-height: 1.714285714; font-weight: normal;\"> 3399940 ; <\/span><strong style=\"font-size: inherit; line-height: 1.714285714;\">OIB:<\/strong><span style=\"font-size: inherit; line-height: 1.714285714; font-weight: normal;\"> 87232934506 ; <\/span><strong style=\"font-size: inherit; line-height: 1.714285714;\">RNO:<\/strong><span style=\"font-size: inherit; line-height: 1.714285714; font-weight: normal;\"> 52175 ; <\/span><strong style=\"font-size: inherit; line-height: 1.714285714;\">Registarski broj:<\/strong><span style=\"font-size: inherit; line-height: 1.714285714; font-weight: normal;\"> 19000089 .<\/span><\/strong><\/td>\n<td style=\"text-align: justify;\" width=\"10\"><\/td>\n<td width=\"190\">\n<p style=\"text-align: justify;\"><span style=\"color: #ffffff;\">_____________________________________<\/span><a href=\"http:\/\/www.ddicpdnz.hr\/wp-content\/uploads\/2013\/05\/Tabla-drustva.jpg\"><img loading=\"lazy\" class=\"wp-image-134 aligncenter\" src=\"http:\/\/www.ddicpdnz.hr\/wp-content\/uploads\/2013\/05\/Tabla-drustva-300x200.jpg\" alt=\"\" width=\"145\" height=\"97\" srcset=\"https:\/\/www.ddicpdnz.hr\/wp-content\/uploads\/2013\/05\/Tabla-drustva-300x200.jpg 300w, https:\/\/www.ddicpdnz.hr\/wp-content\/uploads\/2013\/05\/Tabla-drustva-1024x685.jpg 1024w, https:\/\/www.ddicpdnz.hr\/wp-content\/uploads\/2013\/05\/Tabla-drustva-624x417.jpg 624w, https:\/\/www.ddicpdnz.hr\/wp-content\/uploads\/2013\/05\/Tabla-drustva.jpg 1200w\" sizes=\"(max-width: 145px) 100vw, 145px\" \/><\/a>Dru\u0161tvo distrofi\u010dara invalida cerebralne i dje\u010dje paralize i ostalih tjelesnih invalida DN\u017d je korisnik institucionalne podr\u0161ke zahvaljuju\u0107i Razvojnoj suradnji Nacionalne zaklade za razvoj civilnog dru\u0161tva i Ministarstva socijalne politke i mladih u provo\u0111enju Pilot-programa sustavne podr\u0161ke udrugama osoba s invaliditetom<br \/>\n<a href=\"http:\/\/zaklada.civilnodrustvo.hr\/frontpage\" target=\"_blank\"><img loading=\"lazy\" class=\"aligncenter\" style=\"border: 0px;\" src=\"http:\/\/www.ddicpdnz.hr\/wp-content\/uploads\/2013\/05\/logo-nacionalna.gif\" alt=\"\" width=\"145\" height=\"129\" \/><\/a><\/p>\n<p style=\"text-align: center;\"><span style=\"color: #ffffff;\">..<\/span><br \/>\n<span style=\"color: #ffffff;\">..<\/span><br \/>\n<a href=\"http:\/\/www.ddicpdnz.hr\/wp-content\/uploads\/2013\/05\/slike001.jpg\"><img loading=\"lazy\" class=\"wp-image-132 aligncenter\" src=\"http:\/\/www.ddicpdnz.hr\/wp-content\/uploads\/2013\/05\/slike001-218x300.jpg\" alt=\"\" width=\"145\" height=\"200\" srcset=\"https:\/\/www.ddicpdnz.hr\/wp-content\/uploads\/2013\/05\/slike001-218x300.jpg 218w, https:\/\/www.ddicpdnz.hr\/wp-content\/uploads\/2013\/05\/slike001-624x857.jpg 624w, https:\/\/www.ddicpdnz.hr\/wp-content\/uploads\/2013\/05\/slike001.jpg 745w\" sizes=\"(max-width: 145px) 100vw, 145px\" \/><\/a><\/p>\n<p><a href=\"http:\/\/www.ddicpdnz.hr\/wp-content\/uploads\/2013\/09\/Izvje\u0161taj-rada-udruge-2013-2014.pdf\" target=\"_blank\">Izvje\u0161taj rada dru\u0161tva 2013 -2014<\/a><\/p>\n<p><a href=\"http:\/\/www.ddicpdnz.hr\/wp-content\/uploads\/2013\/05\/Izvjestaj-rada-DDICIDPIOTI-DNZ.pdf\" target=\"_blank\">Izvje\u0161taj rada dru\u0161tva 2012 &#8211; 2013<\/a><\/p>\n<p><a href=\"http:\/\/www.ddicpdnz.hr\/wp-content\/uploads\/2013\/09\/plan-rada-za-14-15.pdf\" target=\"_blank\">Plan rada za 2014 &#8211; 2015<\/a><\/p>\n<p><a href=\"http:\/\/www.ddicpdnz.hr\/wp-content\/uploads\/2013\/05\/Pregled-rada-dru\u0161tva-za-razdoblje-od-1994-2013-godine.pdf\" target=\"_blank\">Pregled rada dru\u0161tva za razdoblje od 1994 &#8211; 2013 godine<\/a><\/td>\n<\/tr>\n<\/tbody>\n<\/table>\n<p style=\"text-align: justify;\">\n","protected":false},"excerpt":{"rendered":"<p>Po\u0161tovani \u010dlanovi, Iako nemam obi\u010daj da pi\u0161em neke posebne izvje\u0161taje na na\u0161oj www stranici,ovaj puta \u010dinim iznimku jer se Dru\u0161tvo nalazi u te\u0161koj situaciji. Ove godine projekti nam nisu prolazili na nivou Nacionalnih natje\u010daja jer nismo dobili obavijest da se na po\u010detku godine treba poslati Ministarstvu popis volontera i satnica iako se to sve nalazi [&hellip;]<\/p>\n","protected":false},"author":1,"featured_media":0,"parent":0,"menu_order":1,"comment_status":"closed","ping_status":"closed","template":"page-templates\/full-width.php","meta":[],"_links":{"self":[{"href":"https:\/\/www.ddicpdnz.hr\/index.php?rest_route=\/wp\/v2\/pages\/160"}],"collection":[{"href":"https:\/\/www.ddicpdnz.hr\/index.php?rest_route=\/wp\/v2\/pages"}],"about":[{"href":"https:\/\/www.ddicpdnz.hr\/index.php?rest_route=\/wp\/v2\/types\/page"}],"author":[{"embeddable":true,"href":"https:\/\/www.ddicpdnz.hr\/index.php?rest_route=\/wp\/v2\/users\/1"}],"replies":[{"embeddable":true,"href":"https:\/\/www.ddicpdnz.hr\/index.php?rest_route=%2Fwp%2Fv2%2Fcomments&post=160"}],"version-history":[{"count":46,"href":"https:\/\/www.ddicpdnz.hr\/index.php?rest_route=\/wp\/v2\/pages\/160\/revisions"}],"predecessor-version":[{"id":254,"href":"https:\/\/www.ddicpdnz.hr\/index.php?rest_route=\/wp\/v2\/pages\/160\/revisions\/254"}],"wp:attachment":[{"href":"https:\/\/www.ddicpdnz.hr\/index.php?rest_route=%2Fwp%2Fv2%2Fmedia&parent=160"}],"curies":[{"name":"wp","href":"https:\/\/api.w.org\/{rel}","templated":true}]}}