{"id":35,"date":"2013-05-24T12:29:16","date_gmt":"2013-05-24T12:29:16","guid":{"rendered":"http:\/\/www.ddicpdnz.hr\/?page_id=35"},"modified":"2013-09-20T08:37:54","modified_gmt":"2013-09-20T08:37:54","slug":"linkovi","status":"publish","type":"page","link":"https:\/\/www.ddicpdnz.hr\/?page_id=35","title":{"rendered":"Linkovi"},"content":{"rendered":"<p><a href=\"http:\/\/zaklada.civilnodrustvo.hr\/\" target=\"_blank\"><img loading=\"lazy\" class=\"size-full wp-image-40 alignright\" style=\"margin-right: 200px;\" alt=\"\" src=\"http:\/\/www.ddicpdnz.hr\/wp-content\/uploads\/2013\/05\/logo-nacionalna.gif\" width=\"145\" height=\"129\" \/><\/a><\/p>\n<ul>\n<li><a href=\"http:\/\/desa-dubrovnik.hr\/\" target=\"_blank\">DE\u0160A &#8211; Dubrovnik<\/a><\/li>\n<li><a style=\"line-height: 1.714285714; font-size: 1rem;\" href=\"http:\/\/www.edubrovnik.org\/\" target=\"_blank\">Dubrova\u010d\u008dko-neretvanska \u017dupanija<\/a><\/li>\n<li><a href=\"http:\/\/www.dubrovnik.hr\/\" target=\"_blank\">Grad Dubrovnik<\/a><\/li>\n<li><a href=\"http:\/\/www.hzz.hr\/default.aspx?id=4092&amp;proiz=1109\" target=\"_blank\">HZZ &#8211; Hrvatski zavod za zapo\u0161ljavanje &#8211; <\/a><a href=\"http:\/\/www.hzz.hr\/default.aspx?id=4092&amp;proiz=1109\">Podru\u010d\u008dna slu\u017eba Dubrovnik<\/a><\/li>\n<li><a href=\"http:\/\/www.mspm.hr\/\" target=\"_blank\">Ministarstvo socijalne politike i mladih<\/a><\/li>\n<li><a href=\"http:\/\/www.zdravlje.hr\/\" target=\"_blank\">Ministarstvo zdravlja<\/a><\/li>\n<li><a href=\"http:\/\/www.mzoip.hr\/\" target=\"_blank\">Ministarstvo za\u0161tite okoli\u0161a i prirode<\/a><\/li>\n<li><a href=\"http:\/\/zaklada.civilnodrustvo.hr\/\" target=\"_blank\">Nacionalna zaklada za razvoj civilnog dru\u0161tva<\/a><\/li>\n<li><a href=\"http:\/\/www.uzuvrh.hr\/\" target=\"_blank\">Ured za udruge Vlade RH<\/a><\/li>\n<\/ul>\n","protected":false},"excerpt":{"rendered":"<p>DE\u0160A &#8211; Dubrovnik Dubrova\u010d\u008dko-neretvanska \u017dupanija Grad Dubrovnik HZZ &#8211; Hrvatski zavod za zapo\u0161ljavanje &#8211; Podru\u010d\u008dna slu\u017eba Dubrovnik Ministarstvo socijalne politike i mladih Ministarstvo zdravlja Ministarstvo za\u0161tite okoli\u0161a i prirode Nacionalna zaklada za razvoj civilnog dru\u0161tva Ured za udruge Vlade RH<\/p>\n","protected":false},"author":1,"featured_media":0,"parent":0,"menu_order":4,"comment_status":"closed","ping_status":"closed","template":"page-templates\/front-page.php","meta":[],"_links":{"self":[{"href":"https:\/\/www.ddicpdnz.hr\/index.php?rest_route=\/wp\/v2\/pages\/35"}],"collection":[{"href":"https:\/\/www.ddicpdnz.hr\/index.php?rest_route=\/wp\/v2\/pages"}],"about":[{"href":"https:\/\/www.ddicpdnz.hr\/index.php?rest_route=\/wp\/v2\/types\/page"}],"author":[{"embeddable":true,"href":"https:\/\/www.ddicpdnz.hr\/index.php?rest_route=\/wp\/v2\/users\/1"}],"replies":[{"embeddable":true,"href":"https:\/\/www.ddicpdnz.hr\/index.php?rest_route=%2Fwp%2Fv2%2Fcomments&post=35"}],"version-history":[{"count":18,"href":"https:\/\/www.ddicpdnz.hr\/index.php?rest_route=\/wp\/v2\/pages\/35\/revisions"}],"predecessor-version":[{"id":179,"href":"https:\/\/www.ddicpdnz.hr\/index.php?rest_route=\/wp\/v2\/pages\/35\/revisions\/179"}],"wp:attachment":[{"href":"https:\/\/www.ddicpdnz.hr\/index.php?rest_route=%2Fwp%2Fv2%2Fmedia&parent=35"}],"curies":[{"name":"wp","href":"https:\/\/api.w.org\/{rel}","templated":true}]}}