{"id":7,"date":"2013-05-24T11:44:33","date_gmt":"2013-05-24T11:44:33","guid":{"rendered":"http:\/\/www.ddicpdnz.hr\/?page_id=7"},"modified":"2013-09-20T08:37:48","modified_gmt":"2013-09-20T08:37:48","slug":"t1","status":"publish","type":"page","link":"https:\/\/www.ddicpdnz.hr\/?page_id=7","title":{"rendered":"Programi"},"content":{"rendered":"<table border=\"0\" cellspacing=\"0\" cellpadding=\"0\">\n<tbody>\n<tr>\n<td style=\"text-align: justify;\" valign=\"top\"><strong><a href=\"http:\/\/www.ddicpdnz.hr\/wp-content\/uploads\/2013\/05\/01-radionica-vrecica.jpg\"><img class=\"alignright  wp-image-115\" alt=\"\" src=\"http:\/\/www.ddicpdnz.hr\/wp-content\/uploads\/2013\/05\/01-radionica-vrecica-300x218.jpg\" width=\"250\" srcset=\"https:\/\/www.ddicpdnz.hr\/wp-content\/uploads\/2013\/05\/01-radionica-vrecica-300x218.jpg 300w, https:\/\/www.ddicpdnz.hr\/wp-content\/uploads\/2013\/05\/01-radionica-vrecica-624x453.jpg 624w, https:\/\/www.ddicpdnz.hr\/wp-content\/uploads\/2013\/05\/01-radionica-vrecica.jpg 1024w\" sizes=\"(max-width: 300px) 100vw, 300px\" \/><\/a>Bolja socijalizacija i kvaliteta \u017eivota osoba s invaliditetom u lokalnoj zajednici i obitelji<br \/>\n<\/strong>Dru\u0161tvo ima tri grupe osoba s invaliditetom: distrofi\u010dare, cerebralnu i dje\u010dja paralizu i ostale tjelesne invalida. Da bi \u010dlanovi \u0161to korisnije i bezbri\u017enije proveli vrijeme u Dru\u0161tvu, a u cilju bolje socijalizacije organizirali smo tri radionice u kojima oni korisno provode svoje slobodno vrijeme. Jedan dio korisnika je te\u0161ko pokretan pa ih dovozimo i vra\u0107amo ku\u0107i.Ovaj projekt obuhva\u0107a:<\/p>\n<ul>\n<li>Radionica za izradu papirnatih vre\u0107ica<\/li>\n<li>Radionica izrada eko vre\u0107ica za sme\u010de<\/li>\n<li>Likovna radionica<\/li>\n<\/ul>\n<p><a href=\"http:\/\/www.ddicpdnz.hr\/wp-content\/uploads\/2013\/05\/01-Proizvodi.jpg\"><img class=\"alignleft  wp-image-114\" alt=\"\" src=\"http:\/\/www.ddicpdnz.hr\/wp-content\/uploads\/2013\/05\/01-Proizvodi-300x225.jpg\" width=\"250\" srcset=\"https:\/\/www.ddicpdnz.hr\/wp-content\/uploads\/2013\/05\/01-Proizvodi-300x225.jpg 300w, https:\/\/www.ddicpdnz.hr\/wp-content\/uploads\/2013\/05\/01-Proizvodi-624x468.jpg 624w, https:\/\/www.ddicpdnz.hr\/wp-content\/uploads\/2013\/05\/01-Proizvodi.jpg 1024w\" sizes=\"(max-width: 300px) 100vw, 300px\" \/><\/a><a href=\"http:\/\/www.ddicpdnz.hr\/wp-content\/uploads\/2013\/05\/03-likovna-radionica.jpg\"><img class=\"alignleft  wp-image-117\" alt=\"\" src=\"http:\/\/www.ddicpdnz.hr\/wp-content\/uploads\/2013\/05\/03-likovna-radionica-300x225.jpg\" width=\"250\" srcset=\"https:\/\/www.ddicpdnz.hr\/wp-content\/uploads\/2013\/05\/03-likovna-radionica-300x225.jpg 300w, https:\/\/www.ddicpdnz.hr\/wp-content\/uploads\/2013\/05\/03-likovna-radionica-624x468.jpg 624w, https:\/\/www.ddicpdnz.hr\/wp-content\/uploads\/2013\/05\/03-likovna-radionica.jpg 1024w\" sizes=\"(max-width: 300px) 100vw, 300px\" \/><\/a><a href=\"http:\/\/www.ddicpdnz.hr\/wp-content\/uploads\/2013\/05\/02-eko-vrecica-za-smece.jpg\"><img class=\" wp-image-116 alignleft\" alt=\"\" src=\"http:\/\/www.ddicpdnz.hr\/wp-content\/uploads\/2013\/05\/02-eko-vrecica-za-smece-300x225.jpg\" width=\"250\" srcset=\"https:\/\/www.ddicpdnz.hr\/wp-content\/uploads\/2013\/05\/02-eko-vrecica-za-smece-300x225.jpg 300w, https:\/\/www.ddicpdnz.hr\/wp-content\/uploads\/2013\/05\/02-eko-vrecica-za-smece-624x468.jpg 624w, https:\/\/www.ddicpdnz.hr\/wp-content\/uploads\/2013\/05\/02-eko-vrecica-za-smece.jpg 1024w\" sizes=\"(max-width: 300px) 100vw, 300px\" \/><\/a><\/td>\n<\/tr>\n<tr>\n<td valign=\"top\"><strong style=\"line-height: 1.714285714; font-size: inherit;\"><a href=\"http:\/\/www.ddicpdnz.hr\/wp-content\/uploads\/2013\/05\/04-dnevni-boravak.jpg\"><img loading=\"lazy\" class=\"alignright size-medium wp-image-118\" alt=\"\" src=\"http:\/\/www.ddicpdnz.hr\/wp-content\/uploads\/2013\/05\/04-dnevni-boravak-300x204.jpg\" width=\"300\" height=\"204\" srcset=\"https:\/\/www.ddicpdnz.hr\/wp-content\/uploads\/2013\/05\/04-dnevni-boravak-300x204.jpg 300w, https:\/\/www.ddicpdnz.hr\/wp-content\/uploads\/2013\/05\/04-dnevni-boravak-624x424.jpg 624w, https:\/\/www.ddicpdnz.hr\/wp-content\/uploads\/2013\/05\/04-dnevni-boravak.jpg 1024w\" sizes=\"(max-width: 300px) 100vw, 300px\" \/><\/a>Dnevni boravak i radionice za osobe s invaliditetom srednje i tre\u0107e \u017eivotne dobi.<br \/>\n<\/strong><\/p>\n<p style=\"text-align: justify;\">Dnevni boravak obuhva\u0107a organizirano dnevno zbrinjavanje \u0161estoro najugro\u017eenijih \u010dlanova cerebralne paralize osoba s invaliditetom. Razlog organiziranja dnevnog zbrinjavanja je te\u0161ko stanje u obitelji. Ove obitelji se iz raznoraznih razloga ne mogu brinuti 24 sata za svog invalidnog \u010dlana. Kako se mi zala\u017eemo da sve osobe s invaliditetom od djece do najstarijih ostanu \u0161to dulje u obiteljskom okru\u017eenju, odlu\u010dili smo se da organiziramo dnevno zbrinjavanje i time omogu\u0107imo obiteljima da zadr\u017ee svog invalidnog \u010dlana kod ku\u0107e \u0161to je dulje mogu\u0107e. Korisnici dnevnog boravka sudjeluju i u radionicama izrade papirnatih vre\u0107ica. Time smo im omogu\u0107ili korisno kori\u0161tenje slobodnog vremena, da se osje\u0107aju korisni kao \u010dlanovi zajednice, ujedno se rehabilitiraju okupacijskom terapijom i edukacijom. Postigli smo da se sa\u010duva pokretljivost \u0161ake prstiju i fina motorika. To su te\u0161ko pokretni \u010dlanovi u kolicima i na hodalici, pa ja\u010danje snage \u0161ake i prstiju je jako va\u017eno.<\/p>\n<p style=\"text-align: justify;\"><a href=\"http:\/\/www.ddicpdnz.hr\/wp-content\/uploads\/2013\/05\/05-dnevni-boravak.jpg\"><img loading=\"lazy\" class=\"size-medium wp-image-119 alignleft\" alt=\"\" src=\"http:\/\/www.ddicpdnz.hr\/wp-content\/uploads\/2013\/05\/05-dnevni-boravak-300x225.jpg\" width=\"300\" height=\"225\" srcset=\"https:\/\/www.ddicpdnz.hr\/wp-content\/uploads\/2013\/05\/05-dnevni-boravak-300x225.jpg 300w, https:\/\/www.ddicpdnz.hr\/wp-content\/uploads\/2013\/05\/05-dnevni-boravak-624x468.jpg 624w, https:\/\/www.ddicpdnz.hr\/wp-content\/uploads\/2013\/05\/05-dnevni-boravak.jpg 1024w\" sizes=\"(max-width: 300px) 100vw, 300px\" \/><\/a><a href=\"http:\/\/www.ddicpdnz.hr\/wp-content\/uploads\/2013\/05\/06-dnevni-boravak.jpg\"><img loading=\"lazy\" class=\"alignleft size-medium wp-image-120\" alt=\"\" src=\"http:\/\/www.ddicpdnz.hr\/wp-content\/uploads\/2013\/05\/06-dnevni-boravak-300x225.jpg\" width=\"300\" height=\"225\" srcset=\"https:\/\/www.ddicpdnz.hr\/wp-content\/uploads\/2013\/05\/06-dnevni-boravak-300x225.jpg 300w, https:\/\/www.ddicpdnz.hr\/wp-content\/uploads\/2013\/05\/06-dnevni-boravak-624x468.jpg 624w, https:\/\/www.ddicpdnz.hr\/wp-content\/uploads\/2013\/05\/06-dnevni-boravak.jpg 1024w\" sizes=\"(max-width: 300px) 100vw, 300px\" \/><\/a><\/p>\n<\/td>\n<\/tr>\n<\/tbody>\n<\/table>\n","protected":false},"excerpt":{"rendered":"<p>Bolja socijalizacija i kvaliteta \u017eivota osoba s invaliditetom u lokalnoj zajednici i obitelji Dru\u0161tvo ima tri grupe osoba s invaliditetom: distrofi\u010dare, cerebralnu i dje\u010dja paralizu i ostale tjelesne invalida. Da bi \u010dlanovi \u0161to korisnije i bezbri\u017enije proveli vrijeme u Dru\u0161tvu, a u cilju bolje socijalizacije organizirali smo tri radionice u kojima oni korisno provode svoje [&hellip;]<\/p>\n","protected":false},"author":1,"featured_media":0,"parent":0,"menu_order":3,"comment_status":"open","ping_status":"closed","template":"page-templates\/front-page.php","meta":[],"_links":{"self":[{"href":"https:\/\/www.ddicpdnz.hr\/index.php?rest_route=\/wp\/v2\/pages\/7"}],"collection":[{"href":"https:\/\/www.ddicpdnz.hr\/index.php?rest_route=\/wp\/v2\/pages"}],"about":[{"href":"https:\/\/www.ddicpdnz.hr\/index.php?rest_route=\/wp\/v2\/types\/page"}],"author":[{"embeddable":true,"href":"https:\/\/www.ddicpdnz.hr\/index.php?rest_route=\/wp\/v2\/users\/1"}],"replies":[{"embeddable":true,"href":"https:\/\/www.ddicpdnz.hr\/index.php?rest_route=%2Fwp%2Fv2%2Fcomments&post=7"}],"version-history":[{"count":22,"href":"https:\/\/www.ddicpdnz.hr\/index.php?rest_route=\/wp\/v2\/pages\/7\/revisions"}],"predecessor-version":[{"id":178,"href":"https:\/\/www.ddicpdnz.hr\/index.php?rest_route=\/wp\/v2\/pages\/7\/revisions\/178"}],"wp:attachment":[{"href":"https:\/\/www.ddicpdnz.hr\/index.php?rest_route=%2Fwp%2Fv2%2Fmedia&parent=7"}],"curies":[{"name":"wp","href":"https:\/\/api.w.org\/{rel}","templated":true}]}}