{"id":9,"date":"2013-05-24T11:44:53","date_gmt":"2013-05-24T11:44:53","guid":{"rendered":"http:\/\/www.ddicpdnz.hr\/?page_id=9"},"modified":"2016-01-18T08:55:07","modified_gmt":"2016-01-18T08:55:07","slug":"t2","status":"publish","type":"page","link":"https:\/\/www.ddicpdnz.hr\/?page_id=9","title":{"rendered":"Kontakt"},"content":{"rendered":"<p><strong>Naziv:<\/strong><br \/>\nDru\u0161tvo distrofi\u010dara invalida cerebralne i dje\u010dje paralize i ostalih tjelesnih invalida Dubrova\u010dko neretvanske \u017eupanije<\/p>\n<p><strong><span style=\"line-height: 1.714285714; font-size: 1rem;\">Adresa:<\/span><\/strong><br \/>\n<span style=\"line-height: 1.714285714; font-size: 1rem;\"> Ulica branitelja Dubrovnika 41, 20000 Dubrovnik<\/span><\/p>\n<p><strong>Odgovorna osoba<\/strong><br \/>\nAntonija Roszahegy Nikoli\u0107<\/p>\n<p><strong><span style=\"line-height: 1.714285714; font-size: 1rem;\">Telefon \/ fax:<\/span><\/strong><br \/>\n<span style=\"line-height: 1.714285714; font-size: 1rem;\">+385 (0)20 411-137<\/span><\/p>\n<p><strong><span style=\"line-height: 1.714285714; font-size: 1rem;\">E-mail adresa:<\/span><\/strong><br \/>\n<a href=\"mailto: anikolic@ddicpdnz.hr\">anikolic@ddicpdnz.hr<\/a><\/p>\n<p><iframe loading=\"lazy\" src=\"https:\/\/maps.google.hr\/maps\/ms?msa=0&amp;msid=202796559464827614385.0004dec942e0a7d6b88a5&amp;hl=en&amp;ie=UTF8&amp;ll=42.643868,18.099729&amp;spn=0,0&amp;t=h&amp;output=embed\" width=\"800\" height=\"350\" frameborder=\"0\" marginwidth=\"0\" marginheight=\"0\" scrolling=\"no\"><\/iframe><\/p>\n","protected":false},"excerpt":{"rendered":"<p>Naziv: Dru\u0161tvo distrofi\u010dara invalida cerebralne i dje\u010dje paralize i ostalih tjelesnih invalida Dubrova\u010dko neretvanske \u017eupanije Adresa: Ulica branitelja Dubrovnika 41, 20000 Dubrovnik Odgovorna osoba Antonija Roszahegy Nikoli\u0107 Telefon \/ fax: +385 (0)20 411-137 E-mail adresa: anikolic@ddicpdnz.hr<\/p>\n","protected":false},"author":1,"featured_media":0,"parent":0,"menu_order":5,"comment_status":"open","ping_status":"closed","template":"page-templates\/front-page.php","meta":[],"_links":{"self":[{"href":"https:\/\/www.ddicpdnz.hr\/index.php?rest_route=\/wp\/v2\/pages\/9"}],"collection":[{"href":"https:\/\/www.ddicpdnz.hr\/index.php?rest_route=\/wp\/v2\/pages"}],"about":[{"href":"https:\/\/www.ddicpdnz.hr\/index.php?rest_route=\/wp\/v2\/types\/page"}],"author":[{"embeddable":true,"href":"https:\/\/www.ddicpdnz.hr\/index.php?rest_route=\/wp\/v2\/users\/1"}],"replies":[{"embeddable":true,"href":"https:\/\/www.ddicpdnz.hr\/index.php?rest_route=%2Fwp%2Fv2%2Fcomments&post=9"}],"version-history":[{"count":28,"href":"https:\/\/www.ddicpdnz.hr\/index.php?rest_route=\/wp\/v2\/pages\/9\/revisions"}],"predecessor-version":[{"id":218,"href":"https:\/\/www.ddicpdnz.hr\/index.php?rest_route=\/wp\/v2\/pages\/9\/revisions\/218"}],"wp:attachment":[{"href":"https:\/\/www.ddicpdnz.hr\/index.php?rest_route=%2Fwp%2Fv2%2Fmedia&parent=9"}],"curies":[{"name":"wp","href":"https:\/\/api.w.org\/{rel}","templated":true}]}}